{"id":144,"date":"2020-02-29T16:56:55","date_gmt":"2020-02-29T15:56:55","guid":{"rendered":"http:\/\/www.mocciaterracotte.it\/wp\/?page_id=62"},"modified":"2024-02-08T10:12:51","modified_gmt":"2024-02-08T10:12:51","slug":"privacy","status":"publish","type":"page","link":"https:\/\/www.artigiangraficaguarnieri.it\/index.php\/privacy\/","title":{"rendered":"Privacy"},"content":{"rendered":"\t\t<div data-elementor-type=\"wp-page\" data-elementor-id=\"144\" class=\"elementor elementor-144\">\n\t\t\t\t\t\t<section class=\"elementor-section elementor-top-section elementor-element elementor-element-78ac8fcd elementor-section-boxed elementor-section-height-default elementor-section-height-default\" data-id=\"78ac8fcd\" data-element_type=\"section\">\n\t\t\t\t\t\t<div class=\"elementor-container elementor-column-gap-default\">\n\t\t\t\t\t<div class=\"elementor-column elementor-col-100 elementor-top-column elementor-element elementor-element-49af49e2\" data-id=\"49af49e2\" data-element_type=\"column\">\n\t\t\t<div class=\"elementor-widget-wrap elementor-element-populated\">\n\t\t\t\t\t\t<div class=\"elementor-element elementor-element-3a8e08ae elementor-widget elementor-widget-text-editor\" data-id=\"3a8e08ae\" data-element_type=\"widget\" data-widget_type=\"text-editor.default\">\n\t\t\t\t<div class=\"elementor-widget-container\">\n\t\t\t\t\t\t\t\t\t<br><br>INFORMATIVA PRIVACY<br>AI SENSI DEL REGOLAMENTO (UE) 2016\/679 SULLA PROTEZIONE DEI DATI PERSONALI (&#8220;G.D.P.R.&#8221;)<br><br>1. PREMESSA<br>Caro Cliente, conformemente agli obblighi imposti da del Regolamento (UE) 679\/2016 (Regolamento Generale sulla protezione dei dati \u2013 cd. &#8220;G.D.P.R.&#8221;) il concessionario &#8220;L&#8217;Artigiangrafica Guarnieri&#8221;. (d&#8217;ora in poi, la &#8220;Societ\u00e0&#8221;), intende informarTi su come vengano trattati i Tuoi dati personali, anche di natura particolare, richiedere il Tuo consenso ove ci\u00f2 risulti necessario e renderTi consapevole di quali sono i Tuoi diritti nonch\u00e9 delle modalit\u00e0 per poterli esercitare agevolmente.<br><br>2. TITOLARE DEL TRATTAMENTO<br>Titolare del trattamento \u00e8 la societ\u00e0 &#8220;L&#8217;Artigiangrafica Guarnieri&#8221;. &#8211; in persona del legale rappresentante pro tempore, L&#8217;Artigiangrafica Guarnieri<br>Mail: info@graficaguarnieri.it <br><br>3. RACCOLTA DEI DATI PERSONALI<br>La Societ\u00e0 raccoglie i dati personali che Ti riguardano direttamente da Te, nelle proprie sedi commerciali. in tal caso il consenso, se dovuto, deve essere fornito prima della comunicazione dei dati stessi. Puoi fornirci i Tuoi dati personali al momento della richiesta di informazioni, di preventivi, durante le trattative, al momento della sottoscrizione di contratti ovvero nel corso del loro svolgimento nonch\u00e9 al momento dell&#8217;adesione\/erogazione di prestazioni e\/o servizi, comunque qualificati o denominati.<br><br>4. MODALITA&#8217; DEL TRATTAMENTO<br>I Tuoi dati personali sono trattati sia manualmente, in formato cartaceo, che tramite strumenti elettronici, informatici, telematici e\/o automatizzati, con logiche strettamente correlate alle finalit\u00e0 indicate.<br>I Tuoi dati personali vengono inseriti nei nostri gestionali. In presenza degli specifici consensi, i dati cartacei e\/o elettronici potranno essere trattati anche per specifiche finalit\u00e0 sempre specificate nella richiesta di consenso.<br>In ogni caso i Tuoi dati personali vengono protetti mediante misure tecniche e organizzative adeguate, in modo da garantire la sicurezza e la riservatezza degli stessi, in conformit\u00e0 alle disposizioni normative vigenti. La Societ\u00e0 ha implementato specifiche misure di sicurezza per prevenire la perdita o la distruzione dei dati, accessi non autorizzati, trattamenti non consentiti o non conformi alle finalit\u00e0 per cui sono stati raccolti.<br><br>5. FINALITA&#8217; DEL TRATTAMENTO E BASI GIURIDICHE<br>a. Il trattamento dei tuoi dati personali (Nome e Cognome) \u00e8 finalizzato a una pi\u00f9 completa e personalizzata esecuzione del servizio che pu\u00f2 cos\u00ec tener conto dei trattamenti tecnici gi\u00e0 effettuati.<br>b. Il conferimento del numero telefonico, del numero telefonico mobile e dell&#8217;indirizzo di posta elettronica \u00e8 finalizzato all&#8217;invio di SMS e di e-mail di avviso e notifiche.<br>c. Il conferimento del giorno e mese di nascita \u00e8 finalizzato all&#8217;invio di SMS e di e-mail per auguri di buon compleanno e per promozioni commerciali relative.<br><br>6. REVOCA DEL CONSENSO<br>Qualora Tu abbia prestato un consenso per autorizzare uno specifico trattamento, potrai in ogni tempo revocarlo contattando il Titolare con le modalit\u00e0 indicate nel successivo paragrafo &#8220;Diritti dell&#8217;Interessato&#8221;.<br><br>7. CONFERIMENTO DEI DATI<br>Il conferimento dei dati personali per le Finalit\u00e0 Primarie \u00e8 necessario ed indispensabile per permettere alla Societ\u00e0 di adempiere alle Tue richieste. Il mancato conferimento dei dati personali potr\u00e0, quindi, determinare l&#8217;impossibilit\u00e0 per la Societ\u00e0 di avviare le trattative\/rapporti precontrattuali, di instaurare i rapporti contrattuali, di gestire la fase post-contrattuale e\/o, comunque, di fornirTi i prodotti e\/o le prestazioni richieste.<br>Il conferimento dei Tuoi dati personali \u00e8, invece, assolutamente libero e facoltativo per la Finalit\u00e0 di Marketing. L&#8217;eventuale mancato conferimento dei Tuoi dati personali per una o pi\u00f9 delle predette finalit\u00e0 non avr\u00e0 alcuna conseguenza per Te, se non l&#8217;impossibilit\u00e0 per la Societ\u00e0 di effettuare quanto sopra meglio descritto.<br><br>8.CONOSCIBILITA&#8217; DEI DATI E LORO COMUNICAZIONE<br>Tuoi dati personali, ove trattati in formato elettronico, sono accessibili da ogni sede\/filiale della Societ\u00e0.<br>Tuoi dati personali vengono trattati dai soggetti specificamente autorizzati o designati dal Titolare all&#8217;interno della sua struttura (dipendenti e collaboratori comunque denominati), in ragione dello svolgimento delle mansioni e dei compiti a ciascuno attribuiti.<br>I Tuoi dati personali i possono inoltre essere trattati da altri soggetti esterni operanti per conto della Societ\u00e0 in forza di specifici vincoli contrattuali o, comunque, debitamente autorizzati o nominati quali responsabili del trattamento. In via esemplificativa, ove fosse necessario i Tuoi dati personali possono essere trattati da: fornitori di servizi informatici, telematici e tecnologici, ivi compresi i servizi di hosting e manutenzione; partner commerciali della Societ\u00e0; societ\u00e0 che offrono i servizi di manutenzione, aggiornamento e sviluppo dei siti internet e delle funzionalit\u00e0 connesse; organismi di controllo e\/o certificazione della qualit\u00e0 o attivit\u00e0 connesse; auditor; organismi di vigilanza; soggetti che si occupano della stampa, trasmissione, imbustamento, trasporto e smistamento delle comunicazioni; soggetti che si occupano di archiviazione e conservazione documentale; (inserire solo se applicabile) previo Tuo consenso da societ\u00e0 specializzate in attivit\u00e0 di marketing, informazione commerciale, ricerche, indagini e\/o analisi di mercato, analisi delle abitudini di consumo. L\u2019elenco aggiornato dei responsabili \u00e8 disponibile in sede e potr\u00e0 essere consultato previa richiesta.<br>Per il perseguimento delle Finalit\u00e0 Primarie i Tuoi dati personali possono all&#8217;occorrenza essere comunicati alle seguenti categorie di destinatari: Case produttrici, eventuali societ\u00e0 di factoring, banche e istituti di credito, societ\u00e0 di recupero crediti; aziende operanti nel settore della spedizione e trasporto.<br>Ti informiamo che i Tuoi dati personali potranno comunque essere sempre comunicati a terzi, pubblici e privati, per adempiere ad obblighi di legge, per rispettare ordini provenienti da pubbliche autorit\u00e0 ovvero per esercitare un diritto in sede giudiziaria o in ogni altra sede.<br>I Tuoi dati personali non vengono ceduti e non sono soggetti a diffusione.<br><br>9. TRASFERIMENTO DEI DATI ALL&#8217;ESTERO<br>La Societ\u00e0 tratta prevalentemente i propri dati all&#8217;interno delle proprie sedi e\/o filiali e (inserire se applicabile) non trasferisce dati all&#8217;estero<br><br>10. PARTICOLARI CATEGORIE DI DATI E TRATTAMENTI<br>Nel perseguimento delle Finalit\u00e0 Primarie la Societ\u00e0 potr\u00e0 venire a conoscenza di Tuoi dati personali qualificati come particolari, ovvero sia quei dati che &#8220;rivelino l&#8217;origine razziale o etnica, le opinioni politiche, le convinzioni religiose o filosofiche, o l&#8217;appartenenza sindacale, nonch\u00e9 trattare dati genetici, dati biometrici intesi a identificare in modo univoco una persona fisica, dati relativi alla salute o alla vita sessuale o all&#8217;orientamento sessuale della persona&#8221;. Alcuni dati particolari, infatti, potrebbero essere contenuti nella dichiarazione dei redditi\/C.U.D, modello 730 o altri documenti forniti per la richiesta di finanziamenti. Tali dati potranno essere comunicati a terzi unicamente ove risulti strettamente necessario ad esempio per l&#8217;elaborazione delle paghe e dei relativi adempimenti del personale.<br>Per il trattamento di dati particolari \u00e8 necessario il Tuo consenso esplicito, ai sensi dell&#8217;art. 9 del G.D.P.R..<br>Ti informiamo che per finalit\u00e0 di sicurezza e tutela del patrimonio aziendale la Societ\u00e0 effettua il trattamento dei dati personali (immagini) anche attraverso impianti di videosorveglianza: l&#8217;informativa relativa a queste tipologie di trattamento \u00e8 disponibile presso i locali ove gli impianti sono installati.<br><br>11. DURATA DEL TRATTAMENTO<br>Conformemente alle norme di legge che impongono obblighi di conservazione dei documenti ai fini contabili e alle norme generali relative al termine ordinario di prescrizione delle azioni contrattuali, cancelleremo i Tuoi dati personali relativi alle Finalit\u00e0 Primarie decorso il termine di dieci anni, a partire dal momento della cessazione del contratto.<br>I dati personali trattati per le ulteriori finalit\u00e0 opzionali (Finalit\u00e0 di Marketing;) verranno cancellati decorso il termine di dieci anni, termine ritenuto congruo trattandosi di dati connessi alla vendita di beni e considerate le statistiche di settore.<br><br>12. DIRITTI DELL&#8217;INTERESSATO<br>In applicazione del G.D.P.R., Ti informiamo che potrai in ogni momento esercitare i seguenti diritti:<br>-ottenere la conferma che sia o meno in corso un trattamento di dati personali che Ti riguardano e, in tal caso, ottenere l&#8217;accesso ai dati personali e a tutte le informazioni previste dall&#8217;art. 15 del G.D.P.R., eventualmente ottenendone copia ove ci\u00f2 non lega i diritti e le libert\u00e0 altrui;<br>-ottenere la rettifica dei dati personali inesatti che Ti riguardano senza ingiustificato ritardo. Tenuto conto delle finalit\u00e0 del trattamento, Tu hai il diritto di ottenere l&#8217;integrazione dei dati personali incompleti, anche fornendo una dichiarazione integrativa;<br>-ottenere la cancellazione dei dati personali che Ti riguardano senza ingiustificato ritardo;<br>-ottenere la limitazione del trattamento quando ricorra una delle ipotesi previste dall&#8217;art. 18 del G.D.P.R.;<br>-portabilit\u00e0 dei dati, ovvero sia ricevere in un formato strutturato, di uso comune e leggibile da dispositivo automatico i dati personali che Ti riguardano forniti alla scrivente Societ\u00e0;<br><div>Per esercitare i diritti sopra indicati, potrai contattare in ogni momento la Societ\u00e0. Per poter pi\u00f9 correttamente gestire le Tue richieste, Ti invitiamo a scriverci tramite posta raccomandata o inviando una mail al seguente indirizzo pec: artigiangrafica@arubapec.it<\/div><div><br><\/div>13. DIRITTO DI OPPOSIZIONE<br>Conformemente a quanto richiesto dall&#8217;art. 21, paragrafo 4 del G.D.P.R., la Societ\u00e0 porta alla Tua attenzione il Tuo diritto di opposizione. In particolare, Tu avrai diritto di: opporti in qualsiasi momento, per motivi connessi alla sua situazione particolare, al trattamento dei dati personali che Ti riguardano ai sensi dell&#8217;articolo 6, paragrafo 1, lettere e) o f) del G.D.P.R.. In questo caso la Societ\u00e0 si asterr\u00e0 dal trattare ulteriormente i dati personali salvo l&#8217;esistenza di motivi legittimi cogenti per procedere al trattamento che prevalgono sugli interessi, sui diritti e sulle libert\u00e0 dell&#8217;interessato oppure per l&#8217;accertamento, l&#8217;esercizio o la difesa di un diritto in sede giudiziaria; opporti in qualsiasi momento al trattamento dei dati personali che Ti riguardano effettuato per finalit\u00e0 di marketing diretto e in questo caso, i dati personali non sono pi\u00f9 oggetto di trattamento per tali finalit\u00e0.<br>Anche per esercitare il tuo diritto di opposizione potrai contattare in ogni momento la Societ\u00e0. Per poter pi\u00f9 correttamente gestire le Tue richieste, Ti invitiamo a scriverci tramite posta raccomandata o inviando una mail al seguente indirizzo pec : artigiangrafica@arubapec.it<br><br>14. DIRITTO DI PROPORRE UN RECLAMO<br>Qualora, inoltre, Tu ritenga che il trattamento dei dati operato dalla Societ\u00e0 sia illegittimo, potrai presentare reclamo alla competente Autorit\u00e0 di controllo.<br><br><br>\t\t\t\t\t\t\t\t<\/div>\n\t\t\t\t<\/div>\n\t\t\t\t\t<\/div>\n\t\t<\/div>\n\t\t\t\t\t<\/div>\n\t\t<\/section>\n\t\t\t\t<\/div>\n\t\t","protected":false},"excerpt":{"rendered":"<p>INFORMATIVA PRIVACYAI SENSI DEL REGOLAMENTO (UE) 2016\/679 SULLA PROTEZIONE DEI DATI PERSONALI (&#8220;G.D.P.R.&#8221;) 1. PREMESSACaro Cliente, conformemente agli obblighi imposti da del Regolamento (UE) 679\/2016 (Regolamento Generale sulla protezione dei dati \u2013 cd. &#8220;G.D.P.R.&#8221;) il concessionario &#8220;L&#8217;Artigiangrafica Guarnieri&#8221;. (d&#8217;ora in poi, la &#8220;Societ\u00e0&#8221;), intende informarTi su come vengano trattati i Tuoi dati personali, anche di [&hellip;]<\/p>\n","protected":false},"author":1,"featured_media":0,"parent":0,"menu_order":0,"comment_status":"closed","ping_status":"closed","template":"","meta":{"footnotes":""},"yoast_head":"<!-- This site is optimized with the Yoast SEO plugin v23.4 - https:\/\/yoast.com\/wordpress\/plugins\/seo\/ -->\r\n<title>Privacy - L&#039;Artigiangra\ufb01ca Guarnieri - Grafica e stampe a Rutigliano<\/title>\r\n<meta name=\"robots\" content=\"index, follow, max-snippet:-1, max-image-preview:large, max-video-preview:-1\" \/>\r\n<link rel=\"canonical\" href=\"https:\/\/www.artigiangraficaguarnieri.it\/index.php\/privacy\/\" \/>\r\n<meta property=\"og:locale\" content=\"it_IT\" \/>\r\n<meta property=\"og:type\" content=\"article\" \/>\r\n<meta property=\"og:title\" content=\"Privacy - L&#039;Artigiangra\ufb01ca Guarnieri - Grafica e stampe a Rutigliano\" \/>\r\n<meta property=\"og:description\" content=\"INFORMATIVA PRIVACYAI SENSI DEL REGOLAMENTO (UE) 2016\/679 SULLA PROTEZIONE DEI DATI PERSONALI (&#8220;G.D.P.R.&#8221;) 1. PREMESSACaro Cliente, conformemente agli obblighi imposti da del Regolamento (UE) 679\/2016 (Regolamento Generale sulla protezione dei dati \u2013 cd. &#8220;G.D.P.R.&#8221;) il concessionario &#8220;L&#8217;Artigiangrafica Guarnieri&#8221;. (d&#8217;ora in poi, la &#8220;Societ\u00e0&#8221;), intende informarTi su come vengano trattati i Tuoi dati personali, anche di [&hellip;]\" \/>\r\n<meta property=\"og:url\" content=\"https:\/\/www.artigiangraficaguarnieri.it\/index.php\/privacy\/\" \/>\r\n<meta property=\"og:site_name\" content=\"L&#039;Artigiangra\ufb01ca Guarnieri - Grafica e stampe a Rutigliano\" \/>\r\n<meta property=\"article:publisher\" content=\"https:\/\/www.facebook.com\/profile.php?id=100057512978014\" \/>\r\n<meta property=\"article:modified_time\" content=\"2024-02-08T10:12:51+00:00\" \/>\r\n<meta name=\"twitter:card\" content=\"summary_large_image\" \/>\r\n<meta name=\"twitter:label1\" content=\"Tempo di lettura stimato\" \/>\n\t<meta name=\"twitter:data1\" content=\"9 minuti\" \/>\r\n<script type=\"application\/ld+json\" class=\"yoast-schema-graph\">{\"@context\":\"https:\/\/schema.org\",\"@graph\":[{\"@type\":\"WebPage\",\"@id\":\"https:\/\/www.artigiangraficaguarnieri.it\/index.php\/privacy\/\",\"url\":\"https:\/\/www.artigiangraficaguarnieri.it\/index.php\/privacy\/\",\"name\":\"Privacy - L&#039;Artigiangra\ufb01ca Guarnieri - Grafica e stampe a Rutigliano\",\"isPartOf\":{\"@id\":\"https:\/\/www.artigiangraficaguarnieri.it\/#website\"},\"datePublished\":\"2020-02-29T15:56:55+00:00\",\"dateModified\":\"2024-02-08T10:12:51+00:00\",\"breadcrumb\":{\"@id\":\"https:\/\/www.artigiangraficaguarnieri.it\/index.php\/privacy\/#breadcrumb\"},\"inLanguage\":\"it-IT\",\"potentialAction\":[{\"@type\":\"ReadAction\",\"target\":[\"https:\/\/www.artigiangraficaguarnieri.it\/index.php\/privacy\/\"]}]},{\"@type\":\"BreadcrumbList\",\"@id\":\"https:\/\/www.artigiangraficaguarnieri.it\/index.php\/privacy\/#breadcrumb\",\"itemListElement\":[{\"@type\":\"ListItem\",\"position\":1,\"name\":\"Home\",\"item\":\"https:\/\/www.artigiangraficaguarnieri.it\/\"},{\"@type\":\"ListItem\",\"position\":2,\"name\":\"Privacy\"}]},{\"@type\":\"WebSite\",\"@id\":\"https:\/\/www.artigiangraficaguarnieri.it\/#website\",\"url\":\"https:\/\/www.artigiangraficaguarnieri.it\/\",\"name\":\"L'Artigiangra\ufb01ca Guarnieri - Grafica e stampe a Rutigliano\",\"description\":\"\",\"publisher\":{\"@id\":\"https:\/\/www.artigiangraficaguarnieri.it\/#organization\"},\"potentialAction\":[{\"@type\":\"SearchAction\",\"target\":{\"@type\":\"EntryPoint\",\"urlTemplate\":\"https:\/\/www.artigiangraficaguarnieri.it\/?s={search_term_string}\"},\"query-input\":{\"@type\":\"PropertyValueSpecification\",\"valueRequired\":true,\"valueName\":\"search_term_string\"}}],\"inLanguage\":\"it-IT\"},{\"@type\":\"Organization\",\"@id\":\"https:\/\/www.artigiangraficaguarnieri.it\/#organization\",\"name\":\"L'Artigiangra\ufb01ca Guarnieri - Grafica e stampe a Rutigliano\",\"url\":\"https:\/\/www.artigiangraficaguarnieri.it\/\",\"logo\":{\"@type\":\"ImageObject\",\"inLanguage\":\"it-IT\",\"@id\":\"https:\/\/www.artigiangraficaguarnieri.it\/#\/schema\/logo\/image\/\",\"url\":\"https:\/\/www.artigiangraficaguarnieri.it\/wp-content\/uploads\/2024\/02\/logoleo2.png\",\"contentUrl\":\"https:\/\/www.artigiangraficaguarnieri.it\/wp-content\/uploads\/2024\/02\/logoleo2.png\",\"width\":709,\"height\":157,\"caption\":\"L'Artigiangra\ufb01ca Guarnieri - Grafica e stampe a Rutigliano\"},\"image\":{\"@id\":\"https:\/\/www.artigiangraficaguarnieri.it\/#\/schema\/logo\/image\/\"},\"sameAs\":[\"https:\/\/www.facebook.com\/profile.php?id=100057512978014\",\"https:\/\/www.instagram.com\/artigiangrafica_guarnieri\/\"]}]}<\/script>\r\n<!-- \/ Yoast SEO plugin. -->","yoast_head_json":{"title":"Privacy - L&#039;Artigiangra\ufb01ca Guarnieri - Grafica e stampe a Rutigliano","robots":{"index":"index","follow":"follow","max-snippet":"max-snippet:-1","max-image-preview":"max-image-preview:large","max-video-preview":"max-video-preview:-1"},"canonical":"https:\/\/www.artigiangraficaguarnieri.it\/index.php\/privacy\/","og_locale":"it_IT","og_type":"article","og_title":"Privacy - L&#039;Artigiangra\ufb01ca Guarnieri - Grafica e stampe a Rutigliano","og_description":"INFORMATIVA PRIVACYAI SENSI DEL REGOLAMENTO (UE) 2016\/679 SULLA PROTEZIONE DEI DATI PERSONALI (&#8220;G.D.P.R.&#8221;) 1. PREMESSACaro Cliente, conformemente agli obblighi imposti da del Regolamento (UE) 679\/2016 (Regolamento Generale sulla protezione dei dati \u2013 cd. &#8220;G.D.P.R.&#8221;) il concessionario &#8220;L&#8217;Artigiangrafica Guarnieri&#8221;. (d&#8217;ora in poi, la &#8220;Societ\u00e0&#8221;), intende informarTi su come vengano trattati i Tuoi dati personali, anche di [&hellip;]","og_url":"https:\/\/www.artigiangraficaguarnieri.it\/index.php\/privacy\/","og_site_name":"L&#039;Artigiangra\ufb01ca Guarnieri - Grafica e stampe a Rutigliano","article_publisher":"https:\/\/www.facebook.com\/profile.php?id=100057512978014","article_modified_time":"2024-02-08T10:12:51+00:00","twitter_card":"summary_large_image","twitter_misc":{"Tempo di lettura stimato":"9 minuti"},"schema":{"@context":"https:\/\/schema.org","@graph":[{"@type":"WebPage","@id":"https:\/\/www.artigiangraficaguarnieri.it\/index.php\/privacy\/","url":"https:\/\/www.artigiangraficaguarnieri.it\/index.php\/privacy\/","name":"Privacy - L&#039;Artigiangra\ufb01ca Guarnieri - Grafica e stampe a Rutigliano","isPartOf":{"@id":"https:\/\/www.artigiangraficaguarnieri.it\/#website"},"datePublished":"2020-02-29T15:56:55+00:00","dateModified":"2024-02-08T10:12:51+00:00","breadcrumb":{"@id":"https:\/\/www.artigiangraficaguarnieri.it\/index.php\/privacy\/#breadcrumb"},"inLanguage":"it-IT","potentialAction":[{"@type":"ReadAction","target":["https:\/\/www.artigiangraficaguarnieri.it\/index.php\/privacy\/"]}]},{"@type":"BreadcrumbList","@id":"https:\/\/www.artigiangraficaguarnieri.it\/index.php\/privacy\/#breadcrumb","itemListElement":[{"@type":"ListItem","position":1,"name":"Home","item":"https:\/\/www.artigiangraficaguarnieri.it\/"},{"@type":"ListItem","position":2,"name":"Privacy"}]},{"@type":"WebSite","@id":"https:\/\/www.artigiangraficaguarnieri.it\/#website","url":"https:\/\/www.artigiangraficaguarnieri.it\/","name":"L'Artigiangra\ufb01ca Guarnieri - Grafica e stampe a Rutigliano","description":"","publisher":{"@id":"https:\/\/www.artigiangraficaguarnieri.it\/#organization"},"potentialAction":[{"@type":"SearchAction","target":{"@type":"EntryPoint","urlTemplate":"https:\/\/www.artigiangraficaguarnieri.it\/?s={search_term_string}"},"query-input":{"@type":"PropertyValueSpecification","valueRequired":true,"valueName":"search_term_string"}}],"inLanguage":"it-IT"},{"@type":"Organization","@id":"https:\/\/www.artigiangraficaguarnieri.it\/#organization","name":"L'Artigiangra\ufb01ca Guarnieri - Grafica e stampe a Rutigliano","url":"https:\/\/www.artigiangraficaguarnieri.it\/","logo":{"@type":"ImageObject","inLanguage":"it-IT","@id":"https:\/\/www.artigiangraficaguarnieri.it\/#\/schema\/logo\/image\/","url":"https:\/\/www.artigiangraficaguarnieri.it\/wp-content\/uploads\/2024\/02\/logoleo2.png","contentUrl":"https:\/\/www.artigiangraficaguarnieri.it\/wp-content\/uploads\/2024\/02\/logoleo2.png","width":709,"height":157,"caption":"L'Artigiangra\ufb01ca Guarnieri - Grafica e stampe a Rutigliano"},"image":{"@id":"https:\/\/www.artigiangraficaguarnieri.it\/#\/schema\/logo\/image\/"},"sameAs":["https:\/\/www.facebook.com\/profile.php?id=100057512978014","https:\/\/www.instagram.com\/artigiangrafica_guarnieri\/"]}]}},"_links":{"self":[{"href":"https:\/\/www.artigiangraficaguarnieri.it\/index.php\/wp-json\/wp\/v2\/pages\/144"}],"collection":[{"href":"https:\/\/www.artigiangraficaguarnieri.it\/index.php\/wp-json\/wp\/v2\/pages"}],"about":[{"href":"https:\/\/www.artigiangraficaguarnieri.it\/index.php\/wp-json\/wp\/v2\/types\/page"}],"author":[{"embeddable":true,"href":"https:\/\/www.artigiangraficaguarnieri.it\/index.php\/wp-json\/wp\/v2\/users\/1"}],"replies":[{"embeddable":true,"href":"https:\/\/www.artigiangraficaguarnieri.it\/index.php\/wp-json\/wp\/v2\/comments?post=144"}],"version-history":[{"count":3,"href":"https:\/\/www.artigiangraficaguarnieri.it\/index.php\/wp-json\/wp\/v2\/pages\/144\/revisions"}],"predecessor-version":[{"id":170,"href":"https:\/\/www.artigiangraficaguarnieri.it\/index.php\/wp-json\/wp\/v2\/pages\/144\/revisions\/170"}],"wp:attachment":[{"href":"https:\/\/www.artigiangraficaguarnieri.it\/index.php\/wp-json\/wp\/v2\/media?parent=144"}],"curies":[{"name":"wp","href":"https:\/\/api.w.org\/{rel}","templated":true}]}}