{"id":145,"date":"2020-02-29T16:56:55","date_gmt":"2020-02-29T15:56:55","guid":{"rendered":"http:\/\/www.mocciaterracotte.it\/wp\/?page_id=63"},"modified":"2024-02-08T10:03:11","modified_gmt":"2024-02-08T10:03:11","slug":"modalita-di-pagamento","status":"publish","type":"page","link":"https:\/\/www.artigiangraficaguarnieri.it\/index.php\/modalita-di-pagamento\/","title":{"rendered":"Modalit\u00e0 di pagamento"},"content":{"rendered":"\t\t<div data-elementor-type=\"wp-page\" data-elementor-id=\"145\" class=\"elementor elementor-145\">\n\t\t\t\t\t\t<section class=\"elementor-section elementor-top-section elementor-element elementor-element-b337682 elementor-section-boxed elementor-section-height-default elementor-section-height-default\" data-id=\"b337682\" data-element_type=\"section\">\n\t\t\t\t\t\t<div class=\"elementor-container elementor-column-gap-default\">\n\t\t\t\t\t<div class=\"elementor-column elementor-col-100 elementor-top-column elementor-element elementor-element-2b4468d3\" data-id=\"2b4468d3\" data-element_type=\"column\">\n\t\t\t<div class=\"elementor-widget-wrap elementor-element-populated\">\n\t\t\t\t\t\t<div class=\"elementor-element elementor-element-d0472b3 elementor-widget elementor-widget-text-editor\" data-id=\"d0472b3\" data-element_type=\"widget\" data-widget_type=\"text-editor.default\">\n\t\t\t\t<div class=\"elementor-widget-container\">\n\t\t\t\t\t\t\t\t\t<br><br>Gli acquisti fatti sul sito www.artigiangraficaguarnieri.it possono essere effettuati in diversi modi:<br><br>PAYPAL E CARTE DI CREDITO<br><br>Per chi utilizza le carte di credito, L&#8217;Artigiangrafica Guarnieri ha scelto il circuito di pagamento elettronico di Paypal e Credit Card (Stripe). Per garantire la massima sicurezza, la transazione di pagamento \u00e8 effettuata direttamente sul server sicuro di Paypal e sul sever sicuro di Credit Card (Stripe). Pertanto, i numeri delle carte di credito del cliente non vengono memorizzati sul sito di L&#8217;Artigiangrafica Guarnieri e i dati risiedono esclusivamente nel circuito di Paypal e Credit Card (Stripe). PayPal e Credit Card (Stripe) utilizzano il protocollo SSL per crittografare i dati trasmessi tra PayPal\/Credit Card (Stripe) e il tuo browser.<br><br>FATTURAZIONE<br><br>Per ogni ordine effettuato su www.artigiangraficaguarnieri.it, L&#8217;Artigiangrafica Guarnieri emette fattura del materiale spedito, inviandola tramite e-mail all&#8217;intestatario dell&#8217;ordine, ai sensi dell&#8217;art 14 D.P.R. 445\/2000 e DL 52\/2004 e allegandola alla spedizione. Per l&#8217;emissione della fattura, fanno fede le informazioni fornite dal Cliente all&#8217;atto dell&#8217;ordine. Nessuna variazione in fattura sar\u00e0 possibile, dopo l&#8217;emissione della stessa. Le spese di consegna sono a carico del Cliente. Il pagamento della merce da parte del Cliente avverr\u00e0 utilizzando la modalit\u00e0 scelta all&#8217;atto dell&#8217;ordine. Nulla \u00e8 dovuto in pi\u00f9 dal Cliente rispetto al totale dell&#8217;ordine. Nessuna responsabilit\u00e0 pu\u00f2 essere imputata a L&#8217;Artigiangrafica Guarnieriin caso di ritardo nell&#8217;evasione dell&#8217;ordine o nella consegna di quanto ordinato. Nel caso di mancato ritiro entro 6 giorni lavorativi del materiale presente in giacenza presso i magazzini del corriere a causa di reiterata impossibilit\u00e0 di consegna al recapito indicato dal Cliente all&#8217;atto dell&#8217;ordine, l&#8217;ordine verr\u00e0 automaticamente annullato.<br><br><br>\t\t\t\t\t\t\t\t<\/div>\n\t\t\t\t<\/div>\n\t\t\t\t\t<\/div>\n\t\t<\/div>\n\t\t\t\t\t<\/div>\n\t\t<\/section>\n\t\t\t\t<\/div>\n\t\t","protected":false},"excerpt":{"rendered":"<p>Gli acquisti fatti sul sito www.artigiangraficaguarnieri.it possono essere effettuati in diversi modi: PAYPAL E CARTE DI CREDITO Per chi utilizza le carte di credito, L&#8217;Artigiangrafica Guarnieri ha scelto il circuito di pagamento elettronico di Paypal e Credit Card (Stripe). Per garantire la massima sicurezza, la transazione di pagamento \u00e8 effettuata direttamente sul server sicuro di [&hellip;]<\/p>\n","protected":false},"author":1,"featured_media":0,"parent":0,"menu_order":0,"comment_status":"closed","ping_status":"closed","template":"","meta":{"footnotes":""},"yoast_head":"<!-- This site is optimized with the Yoast SEO plugin v23.4 - https:\/\/yoast.com\/wordpress\/plugins\/seo\/ -->\r\n<title>Modalit\u00e0 di pagamento - L&#039;Artigiangra\ufb01ca Guarnieri - Grafica e stampe a Rutigliano<\/title>\r\n<meta name=\"robots\" content=\"index, follow, max-snippet:-1, max-image-preview:large, max-video-preview:-1\" \/>\r\n<link rel=\"canonical\" href=\"https:\/\/www.artigiangraficaguarnieri.it\/index.php\/modalita-di-pagamento\/\" \/>\r\n<meta property=\"og:locale\" content=\"it_IT\" \/>\r\n<meta property=\"og:type\" content=\"article\" \/>\r\n<meta property=\"og:title\" content=\"Modalit\u00e0 di pagamento - L&#039;Artigiangra\ufb01ca Guarnieri - Grafica e stampe a Rutigliano\" \/>\r\n<meta property=\"og:description\" content=\"Gli acquisti fatti sul sito www.artigiangraficaguarnieri.it possono essere effettuati in diversi modi: PAYPAL E CARTE DI CREDITO Per chi utilizza le carte di credito, L&#8217;Artigiangrafica Guarnieri ha scelto il circuito di pagamento elettronico di Paypal e Credit Card (Stripe). Per garantire la massima sicurezza, la transazione di pagamento \u00e8 effettuata direttamente sul server sicuro di [&hellip;]\" \/>\r\n<meta property=\"og:url\" content=\"https:\/\/www.artigiangraficaguarnieri.it\/index.php\/modalita-di-pagamento\/\" \/>\r\n<meta property=\"og:site_name\" content=\"L&#039;Artigiangra\ufb01ca Guarnieri - Grafica e stampe a Rutigliano\" \/>\r\n<meta property=\"article:publisher\" content=\"https:\/\/www.facebook.com\/profile.php?id=100057512978014\" \/>\r\n<meta property=\"article:modified_time\" content=\"2024-02-08T10:03:11+00:00\" \/>\r\n<meta name=\"twitter:card\" content=\"summary_large_image\" \/>\r\n<meta name=\"twitter:label1\" content=\"Tempo di lettura stimato\" \/>\n\t<meta name=\"twitter:data1\" content=\"2 minuti\" \/>\r\n<script type=\"application\/ld+json\" class=\"yoast-schema-graph\">{\"@context\":\"https:\/\/schema.org\",\"@graph\":[{\"@type\":\"WebPage\",\"@id\":\"https:\/\/www.artigiangraficaguarnieri.it\/index.php\/modalita-di-pagamento\/\",\"url\":\"https:\/\/www.artigiangraficaguarnieri.it\/index.php\/modalita-di-pagamento\/\",\"name\":\"Modalit\u00e0 di pagamento - L&#039;Artigiangra\ufb01ca Guarnieri - Grafica e stampe a Rutigliano\",\"isPartOf\":{\"@id\":\"https:\/\/www.artigiangraficaguarnieri.it\/#website\"},\"datePublished\":\"2020-02-29T15:56:55+00:00\",\"dateModified\":\"2024-02-08T10:03:11+00:00\",\"breadcrumb\":{\"@id\":\"https:\/\/www.artigiangraficaguarnieri.it\/index.php\/modalita-di-pagamento\/#breadcrumb\"},\"inLanguage\":\"it-IT\",\"potentialAction\":[{\"@type\":\"ReadAction\",\"target\":[\"https:\/\/www.artigiangraficaguarnieri.it\/index.php\/modalita-di-pagamento\/\"]}]},{\"@type\":\"BreadcrumbList\",\"@id\":\"https:\/\/www.artigiangraficaguarnieri.it\/index.php\/modalita-di-pagamento\/#breadcrumb\",\"itemListElement\":[{\"@type\":\"ListItem\",\"position\":1,\"name\":\"Home\",\"item\":\"https:\/\/www.artigiangraficaguarnieri.it\/\"},{\"@type\":\"ListItem\",\"position\":2,\"name\":\"Modalit\u00e0 di pagamento\"}]},{\"@type\":\"WebSite\",\"@id\":\"https:\/\/www.artigiangraficaguarnieri.it\/#website\",\"url\":\"https:\/\/www.artigiangraficaguarnieri.it\/\",\"name\":\"L'Artigiangra\ufb01ca Guarnieri - Grafica e stampe a Rutigliano\",\"description\":\"\",\"publisher\":{\"@id\":\"https:\/\/www.artigiangraficaguarnieri.it\/#organization\"},\"potentialAction\":[{\"@type\":\"SearchAction\",\"target\":{\"@type\":\"EntryPoint\",\"urlTemplate\":\"https:\/\/www.artigiangraficaguarnieri.it\/?s={search_term_string}\"},\"query-input\":{\"@type\":\"PropertyValueSpecification\",\"valueRequired\":true,\"valueName\":\"search_term_string\"}}],\"inLanguage\":\"it-IT\"},{\"@type\":\"Organization\",\"@id\":\"https:\/\/www.artigiangraficaguarnieri.it\/#organization\",\"name\":\"L'Artigiangra\ufb01ca Guarnieri - Grafica e stampe a Rutigliano\",\"url\":\"https:\/\/www.artigiangraficaguarnieri.it\/\",\"logo\":{\"@type\":\"ImageObject\",\"inLanguage\":\"it-IT\",\"@id\":\"https:\/\/www.artigiangraficaguarnieri.it\/#\/schema\/logo\/image\/\",\"url\":\"https:\/\/www.artigiangraficaguarnieri.it\/wp-content\/uploads\/2024\/02\/logoleo2.png\",\"contentUrl\":\"https:\/\/www.artigiangraficaguarnieri.it\/wp-content\/uploads\/2024\/02\/logoleo2.png\",\"width\":709,\"height\":157,\"caption\":\"L'Artigiangra\ufb01ca Guarnieri - Grafica e stampe a Rutigliano\"},\"image\":{\"@id\":\"https:\/\/www.artigiangraficaguarnieri.it\/#\/schema\/logo\/image\/\"},\"sameAs\":[\"https:\/\/www.facebook.com\/profile.php?id=100057512978014\",\"https:\/\/www.instagram.com\/artigiangrafica_guarnieri\/\"]}]}<\/script>\r\n<!-- \/ Yoast SEO plugin. -->","yoast_head_json":{"title":"Modalit\u00e0 di pagamento - L&#039;Artigiangra\ufb01ca Guarnieri - Grafica e stampe a Rutigliano","robots":{"index":"index","follow":"follow","max-snippet":"max-snippet:-1","max-image-preview":"max-image-preview:large","max-video-preview":"max-video-preview:-1"},"canonical":"https:\/\/www.artigiangraficaguarnieri.it\/index.php\/modalita-di-pagamento\/","og_locale":"it_IT","og_type":"article","og_title":"Modalit\u00e0 di pagamento - L&#039;Artigiangra\ufb01ca Guarnieri - Grafica e stampe a Rutigliano","og_description":"Gli acquisti fatti sul sito www.artigiangraficaguarnieri.it possono essere effettuati in diversi modi: PAYPAL E CARTE DI CREDITO Per chi utilizza le carte di credito, L&#8217;Artigiangrafica Guarnieri ha scelto il circuito di pagamento elettronico di Paypal e Credit Card (Stripe). Per garantire la massima sicurezza, la transazione di pagamento \u00e8 effettuata direttamente sul server sicuro di [&hellip;]","og_url":"https:\/\/www.artigiangraficaguarnieri.it\/index.php\/modalita-di-pagamento\/","og_site_name":"L&#039;Artigiangra\ufb01ca Guarnieri - Grafica e stampe a Rutigliano","article_publisher":"https:\/\/www.facebook.com\/profile.php?id=100057512978014","article_modified_time":"2024-02-08T10:03:11+00:00","twitter_card":"summary_large_image","twitter_misc":{"Tempo di lettura stimato":"2 minuti"},"schema":{"@context":"https:\/\/schema.org","@graph":[{"@type":"WebPage","@id":"https:\/\/www.artigiangraficaguarnieri.it\/index.php\/modalita-di-pagamento\/","url":"https:\/\/www.artigiangraficaguarnieri.it\/index.php\/modalita-di-pagamento\/","name":"Modalit\u00e0 di pagamento - L&#039;Artigiangra\ufb01ca Guarnieri - Grafica e stampe a Rutigliano","isPartOf":{"@id":"https:\/\/www.artigiangraficaguarnieri.it\/#website"},"datePublished":"2020-02-29T15:56:55+00:00","dateModified":"2024-02-08T10:03:11+00:00","breadcrumb":{"@id":"https:\/\/www.artigiangraficaguarnieri.it\/index.php\/modalita-di-pagamento\/#breadcrumb"},"inLanguage":"it-IT","potentialAction":[{"@type":"ReadAction","target":["https:\/\/www.artigiangraficaguarnieri.it\/index.php\/modalita-di-pagamento\/"]}]},{"@type":"BreadcrumbList","@id":"https:\/\/www.artigiangraficaguarnieri.it\/index.php\/modalita-di-pagamento\/#breadcrumb","itemListElement":[{"@type":"ListItem","position":1,"name":"Home","item":"https:\/\/www.artigiangraficaguarnieri.it\/"},{"@type":"ListItem","position":2,"name":"Modalit\u00e0 di pagamento"}]},{"@type":"WebSite","@id":"https:\/\/www.artigiangraficaguarnieri.it\/#website","url":"https:\/\/www.artigiangraficaguarnieri.it\/","name":"L'Artigiangra\ufb01ca Guarnieri - Grafica e stampe a Rutigliano","description":"","publisher":{"@id":"https:\/\/www.artigiangraficaguarnieri.it\/#organization"},"potentialAction":[{"@type":"SearchAction","target":{"@type":"EntryPoint","urlTemplate":"https:\/\/www.artigiangraficaguarnieri.it\/?s={search_term_string}"},"query-input":{"@type":"PropertyValueSpecification","valueRequired":true,"valueName":"search_term_string"}}],"inLanguage":"it-IT"},{"@type":"Organization","@id":"https:\/\/www.artigiangraficaguarnieri.it\/#organization","name":"L'Artigiangra\ufb01ca Guarnieri - Grafica e stampe a Rutigliano","url":"https:\/\/www.artigiangraficaguarnieri.it\/","logo":{"@type":"ImageObject","inLanguage":"it-IT","@id":"https:\/\/www.artigiangraficaguarnieri.it\/#\/schema\/logo\/image\/","url":"https:\/\/www.artigiangraficaguarnieri.it\/wp-content\/uploads\/2024\/02\/logoleo2.png","contentUrl":"https:\/\/www.artigiangraficaguarnieri.it\/wp-content\/uploads\/2024\/02\/logoleo2.png","width":709,"height":157,"caption":"L'Artigiangra\ufb01ca Guarnieri - Grafica e stampe a Rutigliano"},"image":{"@id":"https:\/\/www.artigiangraficaguarnieri.it\/#\/schema\/logo\/image\/"},"sameAs":["https:\/\/www.facebook.com\/profile.php?id=100057512978014","https:\/\/www.instagram.com\/artigiangrafica_guarnieri\/"]}]}},"_links":{"self":[{"href":"https:\/\/www.artigiangraficaguarnieri.it\/index.php\/wp-json\/wp\/v2\/pages\/145"}],"collection":[{"href":"https:\/\/www.artigiangraficaguarnieri.it\/index.php\/wp-json\/wp\/v2\/pages"}],"about":[{"href":"https:\/\/www.artigiangraficaguarnieri.it\/index.php\/wp-json\/wp\/v2\/types\/page"}],"author":[{"embeddable":true,"href":"https:\/\/www.artigiangraficaguarnieri.it\/index.php\/wp-json\/wp\/v2\/users\/1"}],"replies":[{"embeddable":true,"href":"https:\/\/www.artigiangraficaguarnieri.it\/index.php\/wp-json\/wp\/v2\/comments?post=145"}],"version-history":[{"count":3,"href":"https:\/\/www.artigiangraficaguarnieri.it\/index.php\/wp-json\/wp\/v2\/pages\/145\/revisions"}],"predecessor-version":[{"id":167,"href":"https:\/\/www.artigiangraficaguarnieri.it\/index.php\/wp-json\/wp\/v2\/pages\/145\/revisions\/167"}],"wp:attachment":[{"href":"https:\/\/www.artigiangraficaguarnieri.it\/index.php\/wp-json\/wp\/v2\/media?parent=145"}],"curies":[{"name":"wp","href":"https:\/\/api.w.org\/{rel}","templated":true}]}}